{"id":80,"date":"2023-02-06T13:02:09","date_gmt":"2023-02-06T13:02:09","guid":{"rendered":"https:\/\/mcqholding.eu\/?page_id=80"},"modified":"2023-03-30T12:01:19","modified_gmt":"2023-03-30T12:01:19","slug":"pakalpojumi","status":"publish","type":"page","link":"https:\/\/mcqholding.eu\/lv\/pakalpojumi\/","title":{"rendered":"Pakalpojumi"},"content":{"rendered":"\n<p>MCQ Holding pied\u0101v\u0101 da\u017e\u0101dus pakalpojumus ku\u0123u \u012bpa\u0161niekiem, kravu tur\u0113t\u0101jiem, ku\u0123u p\u0101rvald\u012bt\u0101jiem un citiem ar j\u016bras nozari saist\u012btiem uz\u0146\u0113mumiem.<\/p>\n\n\n\n<p>Pla\u0161s uzticamu partneru t\u012bkls, ilga sadarb\u012bba ar ku\u0123u transporta uz\u0146\u0113mumiem, Eiropas ostu iest\u0101d\u0113m un citiem apak\u0161uz\u0146\u0113m\u0113jiem nodro\u0161ina mums iesp\u0113ju rast lab\u0101ko risin\u0101jumu klientiem gan sav\u0101 valst\u012b, gan \u0101rvalst\u012bs.<\/p>\n\n\n\n<p>MCQ izcil\u0101 komanda g\u0101d\u0101s par to, lai j\u016bs var\u0113tu justies dro\u0161i, zinot, ka j\u016bsu kravas p\u0101rvad\u0101\u0161ana ikreiz tiks nevainojami noorganiz\u0113ta.<\/p>\n","protected":false},"excerpt":{"rendered":"<p>MCQ Holding pied\u0101v\u0101 da\u017e\u0101dus pakalpojumus ku\u0123u \u012bpa\u0161niekiem, kravu tur\u0113t\u0101jiem, ku\u0123u p\u0101rvald\u012bt\u0101jiem un citiem ar j\u016bras nozari saist\u012btiem uz\u0146\u0113mumiem. Pla\u0161s uzticamu partneru t\u012bkls, ilga sadarb\u012bba ar ku\u0123u transporta uz\u0146\u0113mumiem, Eiropas ostu iest\u0101d\u0113m un citiem apak\u0161uz\u0146\u0113m\u0113jiem nodro\u0161ina mums iesp\u0113ju rast lab\u0101ko risin\u0101jumu klientiem gan sav\u0101 valst\u012b, gan \u0101rvalst\u012bs. MCQ izcil\u0101 komanda g\u0101d\u0101s par to, lai j\u016bs var\u0113tu [&hellip;]<\/p>\n","protected":false},"author":1,"featured_media":0,"parent":0,"menu_order":0,"comment_status":"closed","ping_status":"closed","template":"templates\/services.php","meta":{"footnotes":""},"class_list":["post-80","page","type-page","status-publish","hentry"],"_links":{"self":[{"href":"https:\/\/mcqholding.eu\/lv\/wp-json\/wp\/v2\/pages\/80","targetHints":{"allow":["GET"]}}],"collection":[{"href":"https:\/\/mcqholding.eu\/lv\/wp-json\/wp\/v2\/pages"}],"about":[{"href":"https:\/\/mcqholding.eu\/lv\/wp-json\/wp\/v2\/types\/page"}],"author":[{"embeddable":true,"href":"https:\/\/mcqholding.eu\/lv\/wp-json\/wp\/v2\/users\/1"}],"replies":[{"embeddable":true,"href":"https:\/\/mcqholding.eu\/lv\/wp-json\/wp\/v2\/comments?post=80"}],"version-history":[{"count":3,"href":"https:\/\/mcqholding.eu\/lv\/wp-json\/wp\/v2\/pages\/80\/revisions"}],"predecessor-version":[{"id":86,"href":"https:\/\/mcqholding.eu\/lv\/wp-json\/wp\/v2\/pages\/80\/revisions\/86"}],"wp:attachment":[{"href":"https:\/\/mcqholding.eu\/lv\/wp-json\/wp\/v2\/media?parent=80"}],"curies":[{"name":"wp","href":"https:\/\/api.w.org\/{rel}","templated":true}]}}